{"id":2045,"date":"2025-03-16T22:01:06","date_gmt":"2025-03-17T03:01:06","guid":{"rendered":"https:\/\/www.eycglobal.com\/web\/?page_id=2045"},"modified":"2025-08-19T17:01:49","modified_gmt":"2025-08-19T22:01:49","slug":"blog","status":"publish","type":"page","link":"https:\/\/www.eycglobal.com\/web\/blog\/","title":{"rendered":"Blog"},"content":{"rendered":"\t\t<div data-elementor-type=\"wp-page\" data-elementor-id=\"2045\" class=\"elementor elementor-2045\">\n\t\t\t\t\t\t<section class=\"elementor-section elementor-top-section elementor-element elementor-element-1f51f5b6 elementor-section-boxed elementor-section-height-default elementor-section-height-default\" data-id=\"1f51f5b6\" data-element_type=\"section\" data-e-type=\"section\">\n\t\t\t\t\t\t<div class=\"elementor-container elementor-column-gap-default\">\n\t\t\t\t\t<div class=\"elementor-column elementor-col-100 elementor-top-column elementor-element elementor-element-29f87e52\" data-id=\"29f87e52\" data-element_type=\"column\" data-e-type=\"column\">\n\t\t\t<div class=\"elementor-widget-wrap elementor-element-populated\">\n\t\t\t\t\t\t<div class=\"elementor-element elementor-element-1ac67b1f elementor-widget elementor-widget-text-editor\" data-id=\"1ac67b1f\" data-element_type=\"widget\" data-e-type=\"widget\" data-widget_type=\"text-editor.default\">\n\t\t\t\t<div class=\"elementor-widget-container\">\n\t\t\t\t\t\t\t\t\t\t\t\t\t\t\t\t\t<\/div>\n\t\t\t\t<\/div>\n\t\t\t\t\t<\/div>\n\t\t<\/div>\n\t\t\t\t\t<\/div>\n\t\t<\/section>\n\t\t\t\t<section class=\"elementor-section elementor-top-section elementor-element elementor-element-5d24d58b elementor-section-boxed elementor-section-height-default elementor-section-height-default\" data-id=\"5d24d58b\" data-element_type=\"section\" data-e-type=\"section\" data-settings=\"{&quot;background_background&quot;:&quot;classic&quot;}\">\n\t\t\t\t\t\t\t<div class=\"elementor-background-overlay\"><\/div>\n\t\t\t\t\t\t\t<div class=\"elementor-container elementor-column-gap-default\">\n\t\t\t\t\t<div class=\"elementor-column elementor-col-100 elementor-top-column elementor-element elementor-element-d3f5b32\" data-id=\"d3f5b32\" data-element_type=\"column\" data-e-type=\"column\">\n\t\t\t<div class=\"elementor-widget-wrap elementor-element-populated\">\n\t\t\t\t\t\t<div class=\"elementor-element elementor-element-4f35adb8 elementor-invisible elementor-widget elementor-widget-heading\" data-id=\"4f35adb8\" data-element_type=\"widget\" data-e-type=\"widget\" data-settings=\"{&quot;_animation&quot;:&quot;fadeInUp&quot;,&quot;_animation_delay&quot;:100}\" data-widget_type=\"heading.default\">\n\t\t\t\t<div class=\"elementor-widget-container\">\n\t\t\t\t\t<h1 class=\"elementor-heading-title elementor-size-default\">BLOG<\/h1>\t\t\t\t<\/div>\n\t\t\t\t<\/div>\n\t\t\t\t<div class=\"elementor-element elementor-element-315733fe elementor-invisible elementor-widget elementor-widget-text-editor\" data-id=\"315733fe\" data-element_type=\"widget\" data-e-type=\"widget\" data-settings=\"{&quot;_animation&quot;:&quot;fadeInUp&quot;,&quot;_animation_delay&quot;:200}\" data-widget_type=\"text-editor.default\">\n\t\t\t\t<div class=\"elementor-widget-container\">\n\t\t\t\t\t\t\t\t\t<p>\u00a1Bienvenidos a nuestro blog! Aqu\u00ed encontrar\u00e1s informaci\u00f3n clave sobre sostenibilidad, ingenier\u00eda ambiental y nuestras soluciones innovadoras.<\/p>\n<p>#EYCGlobal<\/p>\t\t\t\t\t\t\t\t<\/div>\n\t\t\t\t<\/div>\n\t\t\t\t\t<\/div>\n\t\t<\/div>\n\t\t\t\t\t<\/div>\n\t\t<\/section>\n\t\t\t\t<section class=\"elementor-section elementor-top-section elementor-element elementor-element-7626479 elementor-section-boxed elementor-section-height-default elementor-section-height-default\" data-id=\"7626479\" data-element_type=\"section\" data-e-type=\"section\">\n\t\t\t\t\t\t<div class=\"elementor-container elementor-column-gap-default\">\n\t\t\t\t\t<div class=\"elementor-column elementor-col-100 elementor-top-column elementor-element elementor-element-555a720\" data-id=\"555a720\" data-element_type=\"column\" data-e-type=\"column\">\n\t\t\t<div class=\"elementor-widget-wrap elementor-element-populated\">\n\t\t\t\t\t\t<div class=\"elementor-element elementor-element-dc7c9b1 elementor-widget elementor-widget-spacer\" data-id=\"dc7c9b1\" data-element_type=\"widget\" data-e-type=\"widget\" data-widget_type=\"spacer.default\">\n\t\t\t\t<div class=\"elementor-widget-container\">\n\t\t\t\t\t\t\t<div class=\"elementor-spacer\">\n\t\t\t<div class=\"elementor-spacer-inner\"><\/div>\n\t\t<\/div>\n\t\t\t\t\t\t<\/div>\n\t\t\t\t<\/div>\n\t\t\t\t\t<\/div>\n\t\t<\/div>\n\t\t\t\t\t<\/div>\n\t\t<\/section>\n\t\t\t\t<section class=\"elementor-section elementor-top-section elementor-element elementor-element-215d2e4 elementor-section-boxed elementor-section-height-default elementor-section-height-default\" data-id=\"215d2e4\" data-element_type=\"section\" data-e-type=\"section\">\n\t\t\t\t\t\t<div class=\"elementor-container elementor-column-gap-default\">\n\t\t\t\t\t<div class=\"elementor-column elementor-col-100 elementor-top-column elementor-element elementor-element-180869f\" data-id=\"180869f\" data-element_type=\"column\" data-e-type=\"column\">\n\t\t\t<div class=\"elementor-widget-wrap elementor-element-populated\">\n\t\t\t\t\t\t<div class=\"elementor-element elementor-element-265a37f section-title-style-style1 title_position_default title_hover_border_default title-default img_hover_animation_default readmore-btn-default-style tpg-title-border-default grid-hover-overlay-type-always tpg-border-bottom-disable elementor-widget elementor-widget-tpg-grid-hover-layout\" data-id=\"265a37f\" data-element_type=\"widget\" data-e-type=\"widget\" data-widget_type=\"tpg-grid-hover-layout.default\">\n\t\t\t\t<div class=\"elementor-widget-container\">\n\t\t\t\t\t\n        <div class=\"rt-container-fluid rt-tpg-container tpg-el-main-wrapper grid_hover-layout3-main \"\n             id=\"rt-tpg-container-1322370769\"\n             data-layout=\"grid_hover-layout3\"\n             data-sc-id=\"elementor\"\n             data-el-settings=''\n             data-el-query=''\n             data-el-path=''\n        >\n\t\t\t            <div class='tpg-header-wrapper '>\n\t\t\t\t\n        <div class=\"tpg-widget-heading-wrapper rt-clear heading-style1 \">\n            <span class=\"tpg-widget-heading-line line-left\"><\/span>\n\t\t\t<h2 class='tpg-widget-heading'>\n\t\t\t\n\t\t\t\t                    <span>\n\t\t\t\t\t\tBLOG\t\t\t\t\t<\/span>\n\t\t\t\t\t\n\t\t\t\t\t\t\t<\/h2>            <span class=\"tpg-widget-heading-line line-right\"><\/span>\n\n\t\t\t\n        <\/div>\n\n\t\t\n\t\t            <\/div>\n\n            <div data-title=\"Loading ...\"\n                 class=\"rt-row rt-content-loader grid_hover-layout3 tpg-even grid-behaviour grid_hover_layout_wrapper\">\n\t\t\t\t\n<div class=\"rt-col-md-4 rt-col-sm-6 rt-col-xs-12 default rt-grid-hover-item rt-grid-item\" data-id=\"2259\">\n\t<div class=\"rt-holder tpg-post-holder \">\n\t\t<div class=\"rt-detail rt-el-content-wrapper\">\n\t\t\t\t\t\t\t<div class=\"rt-img-holder tpg-el-image-wrap has-thumbnail\">\n\t\t\t\t\t<a data-id=\"2259\" href=\"https:\/\/www.eycglobal.com\/web\/eyc-en-el-congreso-internacional-de-gestion-del-cierre-minero\/\" class=\"tpg-post-link\" target=\"_self\">                        <img fetchpriority=\"high\" decoding=\"async\" src=\"https:\/\/www.eycglobal.com\/web\/wp-content\/uploads\/2025\/08\/web-1-768x531.png\"\n                             class=\"rt-img-responsive\"\n                             width=\"688\"\n                             height=\"476\"\n                             alt=\"EYC en el Congreso Internacional de Gesti\u00f3n del Cierre Minero\">\n\t\t\t\t\t\t\n\t\t\t\t\t\t\t\n\t\t<\/a>\n\t\t        <div class=\"overlay grid-hover-content\"><\/div>\n\t\t\t\t\t\t<\/div>\n\t\t\t\n\t\t\t<div class=\"grid-hover-content\">\n\n\t\t\t\t<div class=\"entry-title-wrapper\"><h3 class=\"entry-title\"><a data-id=\"2259\" href=\"https:\/\/www.eycglobal.com\/web\/eyc-en-el-congreso-internacional-de-gestion-del-cierre-minero\/\" class=\"tpg-post-link\" target=\"_self\">EYC en el Congreso Internacional de Gesti\u00f3n del Cierre Minero<\/a><\/h3><\/div>\n\n\t\t\t\t\n\t\t\t\t\n\t\t\t\t        <div class=\"post-footer\">\n            <div class=\"post-footer\">\n                <div class=\"read-more\">\n\t\t\t\t\t<a data-id=\"2259\" href=\"https:\/\/www.eycglobal.com\/web\/eyc-en-el-congreso-internacional-de-gestion-del-cierre-minero\/\" class=\"tpg-post-link\" target=\"_self\">Leer m\u00e1s<\/a>                <\/div>\n            <\/div>\n        <\/div>\n\t\t\t\t\t<\/div>\n\t\t<\/div>\n\t<\/div>\n<\/div>\n\n<div class=\"rt-col-md-4 rt-col-sm-6 rt-col-xs-12 default rt-grid-hover-item rt-grid-item\" data-id=\"1958\">\n\t<div class=\"rt-holder tpg-post-holder \">\n\t\t<div class=\"rt-detail rt-el-content-wrapper\">\n\t\t\t\t\t\t\t<div class=\"rt-img-holder tpg-el-image-wrap has-thumbnail\">\n\t\t\t\t\t<a data-id=\"1958\" href=\"https:\/\/www.eycglobal.com\/web\/minexpo-colombia-2025\/\" class=\"tpg-post-link\" target=\"_self\">                        <img decoding=\"async\" src=\"https:\/\/www.eycglobal.com\/web\/wp-content\/uploads\/2025\/03\/5-768x531.png\"\n                             class=\"rt-img-responsive\"\n                             width=\"688\"\n                             height=\"476\"\n                             alt=\"MinExpo Colombia 2025\">\n\t\t\t\t\t\t\n\t\t\t\t\t\t\t\n\t\t<\/a>\n\t\t        <div class=\"overlay grid-hover-content\"><\/div>\n\t\t\t\t\t\t<\/div>\n\t\t\t\n\t\t\t<div class=\"grid-hover-content\">\n\n\t\t\t\t<div class=\"entry-title-wrapper\"><h3 class=\"entry-title\"><a data-id=\"1958\" href=\"https:\/\/www.eycglobal.com\/web\/minexpo-colombia-2025\/\" class=\"tpg-post-link\" target=\"_self\">MinExpo Colombia 2025<\/a><\/h3><\/div>\n\n\t\t\t\t\n\t\t\t\t\n\t\t\t\t        <div class=\"post-footer\">\n            <div class=\"post-footer\">\n                <div class=\"read-more\">\n\t\t\t\t\t<a data-id=\"1958\" href=\"https:\/\/www.eycglobal.com\/web\/minexpo-colombia-2025\/\" class=\"tpg-post-link\" target=\"_self\">Leer m\u00e1s<\/a>                <\/div>\n            <\/div>\n        <\/div>\n\t\t\t\t\t<\/div>\n\t\t<\/div>\n\t<\/div>\n<\/div>\n            <\/div>\n\n\t\t\t        <\/div>\n\t\t\t\t\t\t<\/div>\n\t\t\t\t<\/div>\n\t\t\t\t\t<\/div>\n\t\t<\/div>\n\t\t\t\t\t<\/div>\n\t\t<\/section>\n\t\t\t\t<\/div>\n\t\t","protected":false},"excerpt":{"rendered":"<p>BLOG \u00a1Bienvenidos a nuestro blog! Aqu\u00ed encontrar\u00e1s informaci\u00f3n clave sobre sostenibilidad, ingenier\u00eda ambiental y nuestras soluciones innovadoras. #EYCGlobal BLOG EYC&hellip;<\/p>\n","protected":false},"author":78,"featured_media":0,"parent":0,"menu_order":0,"comment_status":"closed","ping_status":"closed","template":"elementor_header_footer","meta":{"_exactmetrics_skip_tracking":false,"_exactmetrics_sitenote_active":false,"_exactmetrics_sitenote_note":"","_exactmetrics_sitenote_category":0,"footnotes":""},"class_list":["post-2045","page","type-page","status-publish","hentry"],"yoast_head":"<!-- This site is optimized with the Yoast SEO plugin v26.8 - https:\/\/yoast.com\/product\/yoast-seo-wordpress\/ -->\n<title>Blog - EYC GLOBAL SAS<\/title>\n<meta name=\"robots\" content=\"index, follow, max-snippet:-1, max-image-preview:large, max-video-preview:-1\" \/>\n<link rel=\"canonical\" href=\"https:\/\/www.eycglobal.com\/web\/blog\/\" \/>\n<meta property=\"og:locale\" content=\"es_ES\" \/>\n<meta property=\"og:type\" content=\"article\" \/>\n<meta property=\"og:title\" content=\"Blog - EYC GLOBAL SAS\" \/>\n<meta property=\"og:description\" content=\"BLOG \u00a1Bienvenidos a nuestro blog! Aqu\u00ed encontrar\u00e1s informaci\u00f3n clave sobre sostenibilidad, ingenier\u00eda ambiental y nuestras soluciones innovadoras. #EYCGlobal BLOG EYC&hellip;\" \/>\n<meta property=\"og:url\" content=\"https:\/\/www.eycglobal.com\/web\/blog\/\" \/>\n<meta property=\"og:site_name\" content=\"EYC GLOBAL SAS\" \/>\n<meta property=\"article:publisher\" content=\"https:\/\/www.facebook.com\/eycglobalsas\/\" \/>\n<meta property=\"article:modified_time\" content=\"2025-08-19T22:01:49+00:00\" \/>\n<meta property=\"og:image\" content=\"http:\/\/www.eycglobal.com\/web\/wp-content\/uploads\/2025\/08\/web-1-768x531.png\" \/>\n<meta name=\"twitter:card\" content=\"summary_large_image\" \/>\n<meta name=\"twitter:site\" content=\"@eyc_global\" \/>\n<meta name=\"twitter:label1\" content=\"Tiempo de lectura\" \/>\n\t<meta name=\"twitter:data1\" content=\"1 minuto\" \/>\n<script type=\"application\/ld+json\" class=\"yoast-schema-graph\">{\"@context\":\"https:\/\/schema.org\",\"@graph\":[{\"@type\":\"WebPage\",\"@id\":\"https:\/\/www.eycglobal.com\/web\/blog\/\",\"url\":\"https:\/\/www.eycglobal.com\/web\/blog\/\",\"name\":\"Blog - EYC GLOBAL SAS\",\"isPartOf\":{\"@id\":\"https:\/\/www.eycglobal.com\/web\/#website\"},\"primaryImageOfPage\":{\"@id\":\"https:\/\/www.eycglobal.com\/web\/blog\/#primaryimage\"},\"image\":{\"@id\":\"https:\/\/www.eycglobal.com\/web\/blog\/#primaryimage\"},\"thumbnailUrl\":\"http:\/\/www.eycglobal.com\/web\/wp-content\/uploads\/2025\/08\/web-1-768x531.png\",\"datePublished\":\"2025-03-17T03:01:06+00:00\",\"dateModified\":\"2025-08-19T22:01:49+00:00\",\"breadcrumb\":{\"@id\":\"https:\/\/www.eycglobal.com\/web\/blog\/#breadcrumb\"},\"inLanguage\":\"es-CO\",\"potentialAction\":[{\"@type\":\"ReadAction\",\"target\":[\"https:\/\/www.eycglobal.com\/web\/blog\/\"]}]},{\"@type\":\"ImageObject\",\"inLanguage\":\"es-CO\",\"@id\":\"https:\/\/www.eycglobal.com\/web\/blog\/#primaryimage\",\"url\":\"http:\/\/www.eycglobal.com\/web\/wp-content\/uploads\/2025\/08\/web-1-768x531.png\",\"contentUrl\":\"http:\/\/www.eycglobal.com\/web\/wp-content\/uploads\/2025\/08\/web-1-768x531.png\"},{\"@type\":\"BreadcrumbList\",\"@id\":\"https:\/\/www.eycglobal.com\/web\/blog\/#breadcrumb\",\"itemListElement\":[{\"@type\":\"ListItem\",\"position\":1,\"name\":\"Portada\",\"item\":\"https:\/\/www.eycglobal.com\/web\/\"},{\"@type\":\"ListItem\",\"position\":2,\"name\":\"Blog\"}]},{\"@type\":\"WebSite\",\"@id\":\"https:\/\/www.eycglobal.com\/web\/#website\",\"url\":\"https:\/\/www.eycglobal.com\/web\/\",\"name\":\"EYC GLOBAL SAS\",\"description\":\"Soluciones ambientales a la medida.\",\"publisher\":{\"@id\":\"https:\/\/www.eycglobal.com\/web\/#organization\"},\"potentialAction\":[{\"@type\":\"SearchAction\",\"target\":{\"@type\":\"EntryPoint\",\"urlTemplate\":\"https:\/\/www.eycglobal.com\/web\/?s={search_term_string}\"},\"query-input\":{\"@type\":\"PropertyValueSpecification\",\"valueRequired\":true,\"valueName\":\"search_term_string\"}}],\"inLanguage\":\"es-CO\"},{\"@type\":\"Organization\",\"@id\":\"https:\/\/www.eycglobal.com\/web\/#organization\",\"name\":\"EYCGLOBAL\",\"url\":\"https:\/\/www.eycglobal.com\/web\/\",\"logo\":{\"@type\":\"ImageObject\",\"inLanguage\":\"es-CO\",\"@id\":\"https:\/\/www.eycglobal.com\/web\/#\/schema\/logo\/image\/\",\"url\":\"http:\/\/www.eycglobal.com\/web\/wp-content\/uploads\/2017\/12\/Logo_EyC_Fondo_Rojo.jpg\",\"contentUrl\":\"http:\/\/www.eycglobal.com\/web\/wp-content\/uploads\/2017\/12\/Logo_EyC_Fondo_Rojo.jpg\",\"width\":1474,\"height\":1724,\"caption\":\"EYCGLOBAL\"},\"image\":{\"@id\":\"https:\/\/www.eycglobal.com\/web\/#\/schema\/logo\/image\/\"},\"sameAs\":[\"https:\/\/www.facebook.com\/eycglobalsas\/\",\"https:\/\/x.com\/eyc_global\",\"https:\/\/www.youtube.com\/channel\/UCH7-8LMdZfESPUi90p_DzVg\"]}]}<\/script>\n<!-- \/ Yoast SEO plugin. -->","yoast_head_json":{"title":"Blog - EYC GLOBAL SAS","robots":{"index":"index","follow":"follow","max-snippet":"max-snippet:-1","max-image-preview":"max-image-preview:large","max-video-preview":"max-video-preview:-1"},"canonical":"https:\/\/www.eycglobal.com\/web\/blog\/","og_locale":"es_ES","og_type":"article","og_title":"Blog - EYC GLOBAL SAS","og_description":"BLOG \u00a1Bienvenidos a nuestro blog! Aqu\u00ed encontrar\u00e1s informaci\u00f3n clave sobre sostenibilidad, ingenier\u00eda ambiental y nuestras soluciones innovadoras. #EYCGlobal BLOG EYC&hellip;","og_url":"https:\/\/www.eycglobal.com\/web\/blog\/","og_site_name":"EYC GLOBAL SAS","article_publisher":"https:\/\/www.facebook.com\/eycglobalsas\/","article_modified_time":"2025-08-19T22:01:49+00:00","og_image":[{"url":"http:\/\/www.eycglobal.com\/web\/wp-content\/uploads\/2025\/08\/web-1-768x531.png","type":"","width":"","height":""}],"twitter_card":"summary_large_image","twitter_site":"@eyc_global","twitter_misc":{"Tiempo de lectura":"1 minuto"},"schema":{"@context":"https:\/\/schema.org","@graph":[{"@type":"WebPage","@id":"https:\/\/www.eycglobal.com\/web\/blog\/","url":"https:\/\/www.eycglobal.com\/web\/blog\/","name":"Blog - EYC GLOBAL SAS","isPartOf":{"@id":"https:\/\/www.eycglobal.com\/web\/#website"},"primaryImageOfPage":{"@id":"https:\/\/www.eycglobal.com\/web\/blog\/#primaryimage"},"image":{"@id":"https:\/\/www.eycglobal.com\/web\/blog\/#primaryimage"},"thumbnailUrl":"http:\/\/www.eycglobal.com\/web\/wp-content\/uploads\/2025\/08\/web-1-768x531.png","datePublished":"2025-03-17T03:01:06+00:00","dateModified":"2025-08-19T22:01:49+00:00","breadcrumb":{"@id":"https:\/\/www.eycglobal.com\/web\/blog\/#breadcrumb"},"inLanguage":"es-CO","potentialAction":[{"@type":"ReadAction","target":["https:\/\/www.eycglobal.com\/web\/blog\/"]}]},{"@type":"ImageObject","inLanguage":"es-CO","@id":"https:\/\/www.eycglobal.com\/web\/blog\/#primaryimage","url":"http:\/\/www.eycglobal.com\/web\/wp-content\/uploads\/2025\/08\/web-1-768x531.png","contentUrl":"http:\/\/www.eycglobal.com\/web\/wp-content\/uploads\/2025\/08\/web-1-768x531.png"},{"@type":"BreadcrumbList","@id":"https:\/\/www.eycglobal.com\/web\/blog\/#breadcrumb","itemListElement":[{"@type":"ListItem","position":1,"name":"Portada","item":"https:\/\/www.eycglobal.com\/web\/"},{"@type":"ListItem","position":2,"name":"Blog"}]},{"@type":"WebSite","@id":"https:\/\/www.eycglobal.com\/web\/#website","url":"https:\/\/www.eycglobal.com\/web\/","name":"EYC GLOBAL SAS","description":"Soluciones ambientales a la medida.","publisher":{"@id":"https:\/\/www.eycglobal.com\/web\/#organization"},"potentialAction":[{"@type":"SearchAction","target":{"@type":"EntryPoint","urlTemplate":"https:\/\/www.eycglobal.com\/web\/?s={search_term_string}"},"query-input":{"@type":"PropertyValueSpecification","valueRequired":true,"valueName":"search_term_string"}}],"inLanguage":"es-CO"},{"@type":"Organization","@id":"https:\/\/www.eycglobal.com\/web\/#organization","name":"EYCGLOBAL","url":"https:\/\/www.eycglobal.com\/web\/","logo":{"@type":"ImageObject","inLanguage":"es-CO","@id":"https:\/\/www.eycglobal.com\/web\/#\/schema\/logo\/image\/","url":"http:\/\/www.eycglobal.com\/web\/wp-content\/uploads\/2017\/12\/Logo_EyC_Fondo_Rojo.jpg","contentUrl":"http:\/\/www.eycglobal.com\/web\/wp-content\/uploads\/2017\/12\/Logo_EyC_Fondo_Rojo.jpg","width":1474,"height":1724,"caption":"EYCGLOBAL"},"image":{"@id":"https:\/\/www.eycglobal.com\/web\/#\/schema\/logo\/image\/"},"sameAs":["https:\/\/www.facebook.com\/eycglobalsas\/","https:\/\/x.com\/eyc_global","https:\/\/www.youtube.com\/channel\/UCH7-8LMdZfESPUi90p_DzVg"]}]}},"rttpg_featured_image_url":null,"rttpg_author":{"display_name":"Michel \u00c1lvarez","author_link":"https:\/\/www.eycglobal.com\/web\/author\/malvarez\/"},"rttpg_comment":0,"rttpg_category":"","rttpg_excerpt":"BLOG \u00a1Bienvenidos a nuestro blog! Aqu\u00ed encontrar\u00e1s informaci\u00f3n clave sobre sostenibilidad, ingenier\u00eda ambiental y nuestras soluciones innovadoras. #EYCGlobal BLOG EYC&hellip;","_links":{"self":[{"href":"https:\/\/www.eycglobal.com\/web\/wp-json\/wp\/v2\/pages\/2045","targetHints":{"allow":["GET"]}}],"collection":[{"href":"https:\/\/www.eycglobal.com\/web\/wp-json\/wp\/v2\/pages"}],"about":[{"href":"https:\/\/www.eycglobal.com\/web\/wp-json\/wp\/v2\/types\/page"}],"author":[{"embeddable":true,"href":"https:\/\/www.eycglobal.com\/web\/wp-json\/wp\/v2\/users\/78"}],"replies":[{"embeddable":true,"href":"https:\/\/www.eycglobal.com\/web\/wp-json\/wp\/v2\/comments?post=2045"}],"version-history":[{"count":56,"href":"https:\/\/www.eycglobal.com\/web\/wp-json\/wp\/v2\/pages\/2045\/revisions"}],"predecessor-version":[{"id":2315,"href":"https:\/\/www.eycglobal.com\/web\/wp-json\/wp\/v2\/pages\/2045\/revisions\/2315"}],"wp:attachment":[{"href":"https:\/\/www.eycglobal.com\/web\/wp-json\/wp\/v2\/media?parent=2045"}],"curies":[{"name":"wp","href":"https:\/\/api.w.org\/{rel}","templated":true}]}}